{"id":28,"date":"2024-10-22T16:50:27","date_gmt":"2024-10-22T16:50:27","guid":{"rendered":"https:\/\/quiropracticoalvarolemus.es\/?page_id=28"},"modified":"2025-06-06T15:32:32","modified_gmt":"2025-06-06T15:32:32","slug":"sports-massage","status":"publish","type":"page","link":"https:\/\/quiropracticoalvarolemus.es\/en\/sports-massage\/","title":{"rendered":"Sports Massage"},"content":{"rendered":"<p>[et_pb_section fb_built=\u00bb1&#8243; admin_label=\u00bbSection-CTA\u00bb _builder_version=\u00bb4.27.0&#8243; _module_preset=\u00bbdefault\u00bb background_color=\u00bbrgba(0,0,0,0.4)\u00bb background_image=\u00bbhttps:\/\/quiropracticoalvarolemus.es\/wp-content\/uploads\/2024\/11\/alvaro-lemus-masaje-deportivo.webp\u00bb background_blend=\u00bbmultiply\u00bb custom_margin=\u00bb||0px||false|false\u00bb global_colors_info=\u00bb{}\u00bb][et_pb_row custom_padding_last_edited=\u00bbon|phone\u00bb module_id=\u00bbcontenedor-titulo-servicios\u00bb _builder_version=\u00bb4.27.3&#8243; _module_preset=\u00bbdefault\u00bb width=\u00bb500px\u00bb width_tablet=\u00bb500px\u00bb width_phone=\u00bb300px\u00bb width_last_edited=\u00bbon|desktop\u00bb module_alignment=\u00bbcenter\u00bb custom_padding=\u00bb10%|5%|10%|5%|true|true\u00bb custom_padding_tablet=\u00bb20%|10%|20%|10%|true|true\u00bb custom_padding_phone=\u00bb30%|20%|30%|20%|true|true\u00bb border_radii=\u00bbon|300px|300px|300px|300px\u00bb border_width_all=\u00bb2px\u00bb border_color_all=\u00bbgcid-6579b034-a63a-419f-ac04-2444bd94142d\u00bb global_colors_info=\u00bb{%22gcid-6579b034-a63a-419f-ac04-2444bd94142d%22:%91%22border_color_all%22%93}\u00bb][et_pb_column type=\u00bb4_4&#8243; _builder_version=\u00bb4.27.0&#8243; _module_preset=\u00bbdefault\u00bb global_colors_info=\u00bb{}\u00bb][et_pb_text _builder_version=\u00bb4.27.0&#8243; _module_preset=\u00bbdefault\u00bb text_text_color=\u00bb#FFFFFF\u00bb text_orientation=\u00bbcenter\u00bb background_layout=\u00bbdark\u00bb custom_margin=\u00bb||1em||false|false\u00bb custom_margin_tablet=\u00bb||30px||false|false\u00bb custom_margin_phone=\u00bb||30px||false|false\u00bb custom_margin_last_edited=\u00bbon|phone\u00bb global_colors_info=\u00bb{}\u00bb]<\/p>\n<h1>Sports Massage<\/h1>\n<h3>With \u00c1lvaro Lemus<\/h3>\n<p>El masaje deportivo es ideal para preparar los m\u00fasculos antes de la actividad f\u00edsica y para acelerar la recuperaci\u00f3n posterior, ayudando a mejorar el rendimiento y prevenir lesiones.[\/et_pb_text][et_pb_button button_url=\u00bb\/contacto\u00bb button_text=\u00bbReserva tu cita\u00bb button_alignment=\u00bbcenter\u00bb _builder_version=\u00bb4.27.0&#8243; _module_preset=\u00bbdefault\u00bb custom_button=\u00bbon\u00bb button_text_color=\u00bb#FFFFFF\u00bb button_bg_color=\u00bb#ac5b68&#8243; button_border_width=\u00bb0px\u00bb button_font=\u00bbKanit|500|||||||\u00bb background_layout=\u00bbdark\u00bb saved_tabs=\u00bball\u00bb global_colors_info=\u00bb{%22gcid-1edd4df2-8a20-4dc4-85d2-7788b42fbd1b%22:%91%22button_bg_color%22%93}\u00bb][\/et_pb_button][\/et_pb_column][\/et_pb_row][\/et_pb_section][et_pb_section fb_built=\u00bb1&#8243; admin_label=\u00bbSection-text+img\u00bb _builder_version=\u00bb4.27.0&#8243; _module_preset=\u00bbdefault\u00bb background_color=\u00bbRGBA(255,255,255,0)\u00bb locked=\u00bboff\u00bb global_colors_info=\u00bb{}\u00bb][et_pb_row column_structure=\u00bb1_2,1_2&#8243; module_class=\u00bbflex-centered-row\u00bb _builder_version=\u00bb4.27.0&#8243; _module_preset=\u00bbdefault\u00bb global_colors_info=\u00bb{}\u00bb][et_pb_column type=\u00bb1_2&#8243; _builder_version=\u00bb4.27.0&#8243; _module_preset=\u00bbdefault\u00bb global_colors_info=\u00bb{}\u00bb][et_pb_image src=\u00bbhttps:\/\/quiropracticoalvarolemus.es\/wp-content\/uploads\/2024\/11\/alvaro-lemus-masaje-deportivo.webp\u00bb alt=\u00bbMasaje deportivo Alvaro Lemus\u00bb title_text=\u00bbalvaro-lemus-masaje-deportivo\u00bb module_class=\u00bbhalf-row-image\u00bb _builder_version=\u00bb4.27.0&#8243; _module_preset=\u00bbdefault\u00bb module_alignment=\u00bbleft\u00bb global_colors_info=\u00bb{}\u00bb][\/et_pb_image][\/et_pb_column][et_pb_column type=\u00bb1_2&#8243; _builder_version=\u00bb4.27.0&#8243; _module_preset=\u00bbdefault\u00bb global_colors_info=\u00bb{}\u00bb][et_pb_text _builder_version=\u00bb4.27.0&#8243; _module_preset=\u00bbdefault\u00bb custom_margin=\u00bb||1em||false|false\u00bb global_colors_info=\u00bb{}\u00bb]<\/p>\n<h2>What is Sports Massage?<\/h2>\n<p>The <strong>sports massage<\/strong> combines a variety of deep massage and muscle manipulation techniques to <strong>improve flexibility, reduce fatigue and optimise performance.<\/strong><\/p>\n<p>It is a key treatment for those who <strong>play sports regularly or participate in competitions,<\/strong> as it helps to prepare the muscles before physical exertion and to recover after it.<\/p>\n<p>At \u00c1lvaro Lemus, we adapt each sports massage session to the needs of each person, ensuring that the treatment is tailored to the individual's needs. <strong>adjusted to your level of physical activity and goals.<\/strong>[\/et_pb_text][\/et_pb_column][\/et_pb_row][\/et_pb_section][et_pb_section fb_built=\"1\u2033 admin_label=\"Section-text+img\" _builder_version=\"4.27.0\u2033 _module_preset=\"default\" background_color=\"RGBA(255,255,255,0)\" locked=\"off\" global_colors_info=\"{}\"][et_pb_row column_structure=\"1_2,1_2\u2033 module_class=\"flex-centered-row\" _builder_version=\"4.27.0\u2033 _module_preset=\"default\" global_colors_info=\"{}\"][et_pb_column type=\"1_2\u2033 _builder_version=\"4.27.0\u2033 _module_preset=\"default\" global_colors_info=\"{}\"][et_pb_text _builder_version=\"4.27.0\u2033 _module_preset=\"default\" custom_margin=\"|||1em||false|false\" global_colors_info=\"{}\"]]<\/p>\n<h2>Benefits of Sports Massage<\/h2>\n<p>Sports massage provides a number of benefits that can make a difference to your physical performance:<\/p>\n<h3 class=\"check-item\">Increases flexibility:<\/h3>\n<p>Helps muscles stay limber and ready for physical activity.<\/p>\n<h3 class=\"check-item\">Improves recovery:<\/h3>\n<p>Reduces muscle recovery time after exercise.<\/p>\n<h3 class=\"check-item\">Prevents Injuries:<\/h3>\n<p>Strengthens muscles and tissues, minimising the risk of injury during sport.<\/p>\n<h3 class=\"check-item\">Improved performance:<\/h3>\n<p>It prepares the body to achieve greater performance in physical activities and competitions.[\/et_pb_text][\/et_pb_column][et_pb_column type=\"1_2\u2033 _builder_version=\"4.27.0\u2033 _module_preset=\"default\" global_colors_info=\"{}\"][et_pb_image src=\"https:\/\/quiropracticoalvarolemus.en\/wp-content\/uploads\/2024\/10\/img-masaje-deportivo.svg\" alt=\"Alvaro Lemus Quiropractico masaje deportivo\" title_text=\"img-masaje-deportivo\" module_class=\"half-row-image\" _builder_version=\"4.27.0\u2033 _module_preset=\"default\" module_alignment=\"left\" global_colors_info=\"{}\"][\/et_pb_image][\/et_pb_column][\/et_pb_row][\/et_pb_section][\/et_pb_section][et_pb_section fb_built=\"1\u2033 admin_label=\"Section-text+img\" _builder_version=\"4.27.0\u2033 _module_preset=\"default\" background_color=\"RGBA(255,255,255,0)\" locked=\"off\" global_colors_info=\"{}\"]][et_pb_row column_structure=\"1_2,1_2\u2033 module_class=\"flex-centered-row\" _builder_version=\"4.27.0\u2033 _module_preset=\"default\" global_colors_info=\"{}\"][et_pb_column type=\"1_2\u2033 _builder_version=\"4.27.0\u2033 _module_preset=\"default\" global_colors_info=\"{}\"][et_pb_image src=\"https:\/\/quiropracticoalvarolemus.en\/wp-content\/uploads\/2024\/11\/alvaro-lemus-masaje-deportivo_2.webp\" alt=\"Masaje deportivo articulaciones Alvaro Lemus\" title_text=\"alvaro-lemus-masaje-deportivo_2\u2033 module_class=\"half-row-image\" _builder_version=\"4.27.0\u2033 _module_preset=\"default\" module_alignment=\"left\" global_colors_info=\"{}\"][\/et_pb_image][\/et_pb_column][et_pb_column type=\"1_2\u2033 _builder_version=\"4.27.0\u2033 _module_preset=\"default\" global_colors_info=\"{}\"][et_pb_text _builder_version=\"4.27.4\u2033 _module_preset=\"default\" custom_margin=\"|||1em||false|false\" hover_enabled=\"0\u2033 global_colors_info=\"{}\" sticky_enabled=\"0\u2033]]<\/p>\n<h2>How does a Sports Massage session work?<\/h2>\n<p>Each sports massage session in Leiro (Ourense) with \u00c1lvaro Lemus begins with a <strong>assessment of your specific needs according to your level of physical activity.<\/strong><\/p>\n<p>We apply deep manipulations and pressure techniques on key muscles, <strong>facilitating muscle drainage and emptying, and improving blood circulation.<\/strong><\/p>\n<p>This type of massage can be combined with the <strong><a class=\"text-link\" href=\"\/en\/chiromassage\/\">chiromassage<\/a><\/strong> to relieve accumulated muscle tension after exercise, and is ideal in conjunction with the <a href=\"\/en\/manual-lymphatic-drainage\/\" class=\"text-link\">manual lymphatic drainage<\/a> for <strong>eliminate toxins and retained liquids.<\/strong><br \/><!--Boton-Link<\/p>\n\n\n\n\n<p><a class=\"et_pb_button button-link\" href=\"\/contacto\">Reserva tu cita<\/a>---><\/p>\n<p><!--Boton Divi---><\/p>\n<div class=\"et_pb_button_module_wrapper et_pb_module\" style=\"margin-top: 1em;\"><a class=\"et_pb_button   button_divi\" href=\"\/en\/contact\/\">Book your appointment<\/a><\/div>\n<p>[\/et_pb_text][\/et_pb_column][\/et_pb_row][\/et_pb_section][et_pb_section fb_built=\"1\u2033 _builder_version=\"4.27.0\u2033 _module_preset=\"default\" background_color=\"RGBA(255,255,255,0)\" global_colors_info=\"{}\"][et_pb_row _builder_version=\"4.27.0\u2033 _module_preset=\"default\" global_colors_info=\"{}\"][et_pb_column type=\"4_4\u2033 _builder_version=\"4.27.0\u2033 _module_preset=\"default\" global_colors_info=\"{}\"][et_pb_text _builder_version=\"4.27.0\u2033 _module_preset=\"default\" text_orientation=\"center\" global_colors_info=\"{}\"]<\/p>\n<h2>Other related services<\/h2>\n<p>[\/et_pb_text][et_pb_text _builder_version=\"4.27.0\u2033 _module_preset=\"default\" text_orientation=\"center\" global_colors_info=\"{}\"]In addition to chiropractic, we offer a variety of services that complement holistic wellness:[\/et_pb_text][\/et_pb_column][\/et_pb_row][\/et_pb_row column_structure=\"1_3,1_3,1_3\u2033 make_equal=\"on\" _builder_version=\"4.27.0\u2033 _module_preset=\"default\" global_colors_info=\"{}\"][et_pb_column type=\"1_3\u2033 _builder_version=\"4.27.0\u2033 _module_preset=\"default\" global_colors_info=\"{}\"][et_pb_blurb title=\"Chiromassage\" url=\"\/chiromassage\" image=\"https:\/\/quiropracticoalvarolemus.es\/wp-content\/uploads\/2024\/10\/img-quiromasaje.svg\" alt=\"quiropractico calpe alvaro lemus quiropraxia\" image_icon_width=\"80%\" admin_label=\"Blurb Quiromasaje\" module_class=\"blurb-servicios\" _builder_version=\"4.27.0\u2033 _module_preset=\"default\" header_level=\"h2\u2033 link_option_url=\"\/quiromasaje\" global_module=\"151\u2033 saved_tabs=\"all\" global_colors_info=\"{}\"]<\/p>\n<h3>Relax body and mind<\/h3>\n<p>Chiromassage relieves tension, improves circulation and helps to relax both body and mind.<br \/><!--Boton-Link---><br \/><a class=\"et_pb_button button-link\" href=\"\/en\/chiromassage\/\">Further information<\/a><\/p>\n<p>[\/et_pb_blurb][\/et_pb_column][et_pb_column type=\"1_3\u2033 _builder_version=\"4.27.0\u2033 _module_preset=\"default\" global_colors_info=\"{}\"][et_pb_blurb title=\"Manual Lymphatic Drainage\" url=\"\/drenaje-linfatico-manual\" image=\"https:\/\/quiropracticoalvarolemus.es\/wp-content\/uploads\/2024\/10\/img-drenaje-linfatico-manual.svg\" alt=\"Alvaro Lemus Chiropractor Manual Lymphatic Drainage\" image_icon_width=\"80%\" admin_label=\"Blurb Lymphatic Drainage\" module_class=\"blurb-services\" _builder_version=\"4.27.0\u2033 _module_preset=\"default\" header_level=\"h2\u2033 link_option_url=\"\/lymphatic-drainage-manual\" global_module=\"154\u2033 saved_tabs=\"all\" global_colors_info=\"{}\"]<\/p>\n<h3>Eliminates Toxins and Reduces<br \/>Fluid Retention<\/h3>\n<p>Lymphatic drainage removes toxins and accumulated fluids, making it ideal after cosmetic surgery or to combat swelling.<br \/><!--Boton-Link---><br \/><a class=\"et_pb_button button-link\" href=\"\/en\/manual-lymphatic-drainage\/\">Further information<\/a><\/p>\n<p>[\/et_pb_blurb][\/et_pb_column][et_pb_column type=\"1_3\u2033 _builder_version=\"4.27.0\u2033 _module_preset=\"default\" global_colors_info=\"{}\"][et_pb_blurb title=\"Modeling, reducing and firming massage\" url=\"\/masaje-modelador-reductor-y-reafirmante\" image=\"https:\/\/quiropracticoalvarolemus.es\/wp-content\/uploads\/2024\/10\/img-masaje-modelador-reductor.svg\" alt=\"Alvaro Lemus Quiropractico masaje modelador reductor\" image_icon_width=\"80%\" admin_label=\"Blurb Masaje Modelador\" module_class=\"blurb-servicios\" _builder_version=\"4.27.0\u2033 _module_preset=\"default\" header_level=\"h2\u2033 link_option_url=\"\/masaje-modelador-reductor-y-reafirmante\" global_module=\"155\u2033 saved_tabs=\"all\" global_colors_info=\"{}\"]<\/p>\n<h3>Tone your body<\/h3>\n<p>This massage tones and improves the appearance of the body, eliminating toxins and achieving visible results quickly.<br \/>\n<!--Boton-Link---><br \/>\n<a class=\"et_pb_button button-link\" href=\"\/en\/firming-and-slimming-sculpting-massage\/\">Further information<\/a><\/p>\n<p>[\/et_pb_blurb][\/et_pb_column][\/et_pb_row][\/et_pb_section][et_pb_section fb_built=\u00bb1&#8243; admin_label=\u00bbSection-CTA\u00bb _builder_version=\u00bb4.27.0&#8243; _module_preset=\u00bbdefault\u00bb background_color=\u00bbgcid-6579b034-a63a-419f-ac04-2444bd94142d\u00bb background_enable_image=\u00bboff\u00bb background_blend=\u00bbmultiply\u00bb custom_margin=\u00bb||0px||false|false\u00bb custom_padding=\u00bb||0px||false|false\u00bb global_module=\u00bb230728&#8243; global_colors_info=\u00bb{%22gcid-6579b034-a63a-419f-ac04-2444bd94142d%22:%91%22background_color%22%93}\u00bb][et_pb_row column_structure=\u00bb1_2,1_2&#8243; custom_padding_last_edited=\u00bbon|phone\u00bb _builder_version=\u00bb4.27.0&#8243; _module_preset=\u00bbdefault\u00bb width_last_edited=\u00bboff|desktop\u00bb module_alignment=\u00bbcenter\u00bb custom_padding=\u00bb10%|5%|0px|5%|false|true\u00bb custom_padding_tablet=\u00bb20%|10%|0px|10%|false|true\u00bb custom_padding_phone=\u00bb10%|0%|0px|0%|false|true\u00bb border_color_all=\u00bbgcid-body-color\u00bb global_colors_info=\u00bb{%22gcid-body-color%22:%91%22border_color_all%22%93}\u00bb][et_pb_column type=\u00bb1_2&#8243; module_class=\u00bbcolumn-cta\u00bb _builder_version=\u00bb4.27.0&#8243; _module_preset=\u00bbdefault\u00bb global_colors_info=\u00bb{}\u00bb][et_pb_text module_id=\u00bbfooter-cta-text\u00bb _builder_version=\u00bb4.27.3&#8243; _module_preset=\u00bbdefault\u00bb text_text_color=\u00bbgcid-body-color\u00bb z_index=\u00bb1&#8243; text_orientation=\u00bbcenter\u00bb width=\u00bb500px\u00bb width_tablet=\u00bb500px\u00bb width_phone=\u00bb300px\u00bb width_last_edited=\u00bbon|phone\u00bb height=\u00bb500px\u00bb height_tablet=\u00bb500px\u00bb height_phone=\u00bb300px\u00bb height_last_edited=\u00bbon|tablet\u00bb custom_margin=\u00bb||1em||false|false\u00bb custom_margin_tablet=\u00bb||30px||false|false\u00bb custom_margin_phone=\u00bb||30px||false|false\u00bb custom_margin_last_edited=\u00bboff|desktop\u00bb custom_padding=\u00bb40%|30%|40%|30%|true|true\u00bb custom_padding_tablet=\u00bb40%|20%|40%|20%|true|true\u00bb custom_padding_phone=\u00bb10%||10%||true|true\u00bb custom_padding_last_edited=\u00bbon|tablet\u00bb border_radii=\u00bbon|300px|300px|300px|300px\u00bb border_width_all=\u00bb2px\u00bb global_colors_info=\u00bb{%22gcid-body-color%22:%91%22text_text_color%22%93}\u00bb]<\/p>\n<h2>Book your appointment today<\/h2>\n<p><a href=\"\/en\/contact\/\" class=\"text-link\">Book your appointment now<\/a> and find out how we can help you feel better every day.<\/p>\n<p><a class=\"et_pb_button button_divi\" href=\"\/en\/contact\/\">Book an Appointment<\/a><\/p>\n<p>[\/et_pb_text][\/et_pb_column][et_pb_column type=\"1_2\u2033 _builder_version=\"4.27.0\u2033 _module_preset=\"default\" z_index=\"0\u2033 global_colors_info=\"{}\"][et_pb_image src=\"https:\/\/quiropracticoalvarolemus.en\/wp-content\/uploads\/2024\/11\/alvaro-lemus-isolated.webp\" title_text=\"alvaro-lemus-isolated\" show_bottom_space=\"off\" align=\"center\" admin_label=\"image-alvaro-lemus\" _builder_version=\"4.27.0\u2033 _module_preset=\"default\" positioning=\"relative\" position_origin_r=\"bottom_left\" vertical_offset=\"0px\" horizontal_offset=\"-350px\" z_index=\"-1\u2033 horizontal_offset_tablet=\"-350px\" horizontal_offset_phone=\"-200px\" horizontal_offset_last_edited=\"on|tablet\" position_origin_a_tablet=\"\" position_origin_a_phone=\"\" position_origin_a_last_edited=\"on|desktop\" position_origin_f_tablet=\"\" position_origin_f_phone=\"\" position_origin_f_last_edited=\"on|desktop\" position_origin_r_tablet=\"bottom_left\" position_origin_r_phone=\"bottom_left\" position_origin_r_last_edited=\"on|desktop\" width=\"1200px\" width=\"1200px\" width_tablet=\"1200px\" width_phone=\"500px\" width_last_edited=\"on|tablet\" module_alignment=\"center\" custom_margin=\"|||-200px|false|false\" positioning_tablet=\"relative\" positioning_phone=\"relative\" positioning_last_edited=\"on|phone\" global_colors_info=\"{}\"][\/et_pb_image][et_pb_image src=\"https:\/\/quiropracticoalvarolemus.es\/wp-content\/uploads\/2024\/11\/flor-vida-geometrica.svg\" title_text=\"flor-vida-geometrica\" admin_label=\"flor-vida\" _builder_version=\"4.27.0\u2033 _module_preset=\"default\" positioning=\"absolute\" horizontal_offset=\"100px\" z_index=\"-3\u2033 width=\"200%\" width_tablet=\"200%\" width_phone=\"100%\" width_last_edited=\"on|tablet\" scroll_fade_enable=\"on\" scroll_fade=\"0|50|50|100|0%|50%|100%\" scroll_rotating_enable=\"on\" scroll_rotating=\"0|50|50|50|100|45\u00b0|25\u00b0|0\u00b0\" motion_trigger_start=\"top\" global_colors_info=\"{}\"]][\/et_pb_image][\/et_pb_column][\/et_pb_row][\/et_pb_section]<\/p>","protected":false},"excerpt":{"rendered":"<p>Sports Massage With \u00c1lvaro Lemus Sports massage is ideal for preparing the muscles before physical activity and to accelerate recovery afterwards, helping to improve performance and prevent injuries.What is Sports Massage? Sports massage combines various techniques of deep massage and muscle manipulation to improve flexibility, reduce muscle soreness and improve the [...]<\/p>","protected":false},"author":1,"featured_media":0,"parent":0,"menu_order":0,"comment_status":"closed","ping_status":"closed","template":"","meta":{"_et_pb_use_builder":"on","_et_pb_old_content":"<!-- wp:divi\/placeholder \/-->","_et_gb_content_width":"","inline_featured_image":false,"_joinchat":[],"footnotes":""},"class_list":["post-28","page","type-page","status-publish","hentry"],"_links":{"self":[{"href":"https:\/\/quiropracticoalvarolemus.es\/en\/wp-json\/wp\/v2\/pages\/28","targetHints":{"allow":["GET"]}}],"collection":[{"href":"https:\/\/quiropracticoalvarolemus.es\/en\/wp-json\/wp\/v2\/pages"}],"about":[{"href":"https:\/\/quiropracticoalvarolemus.es\/en\/wp-json\/wp\/v2\/types\/page"}],"author":[{"embeddable":true,"href":"https:\/\/quiropracticoalvarolemus.es\/en\/wp-json\/wp\/v2\/users\/1"}],"replies":[{"embeddable":true,"href":"https:\/\/quiropracticoalvarolemus.es\/en\/wp-json\/wp\/v2\/comments?post=28"}],"version-history":[{"count":6,"href":"https:\/\/quiropracticoalvarolemus.es\/en\/wp-json\/wp\/v2\/pages\/28\/revisions"}],"predecessor-version":[{"id":231004,"href":"https:\/\/quiropracticoalvarolemus.es\/en\/wp-json\/wp\/v2\/pages\/28\/revisions\/231004"}],"wp:attachment":[{"href":"https:\/\/quiropracticoalvarolemus.es\/en\/wp-json\/wp\/v2\/media?parent=28"}],"curies":[{"name":"wp","href":"https:\/\/api.w.org\/{rel}","templated":true}]}}