{"id":40,"date":"2024-10-22T16:52:21","date_gmt":"2024-10-22T16:52:21","guid":{"rendered":"https:\/\/quiropracticoalvarolemus.es\/?page_id=40"},"modified":"2025-06-06T15:38:32","modified_gmt":"2025-06-06T15:38:32","slug":"reiki-and-relaxing-massage","status":"publish","type":"page","link":"https:\/\/quiropracticoalvarolemus.es\/en\/reiki-and-relaxing-massage\/","title":{"rendered":"Reiki and Relaxing Massage"},"content":{"rendered":"<p>[et_pb_section fb_built=\u00bb1&#8243; admin_label=\u00bbSection-CTA\u00bb _builder_version=\u00bb4.27.0&#8243; _module_preset=\u00bbdefault\u00bb background_color=\u00bbrgba(0,0,0,0.4)\u00bb background_image=\u00bbhttps:\/\/quiropracticoalvarolemus.es\/wp-content\/uploads\/2024\/11\/Alvaro-lemus-reiki-1.webp\u00bb background_blend=\u00bbmultiply\u00bb custom_margin=\u00bb||0px||false|false\u00bb global_colors_info=\u00bb{}\u00bb][et_pb_row custom_padding_last_edited=\u00bbon|phone\u00bb module_id=\u00bbcontenedor-titulo-servicios\u00bb _builder_version=\u00bb4.27.3&#8243; _module_preset=\u00bbdefault\u00bb width=\u00bb500px\u00bb width_tablet=\u00bb500px\u00bb width_phone=\u00bb300px\u00bb width_last_edited=\u00bbon|desktop\u00bb module_alignment=\u00bbcenter\u00bb custom_padding=\u00bb10%|5%|10%|5%|true|true\u00bb custom_padding_tablet=\u00bb20%|10%|20%|10%|true|true\u00bb custom_padding_phone=\u00bb30%|20%|30%|20%|true|true\u00bb border_radii=\u00bbon|300px|300px|300px|300px\u00bb border_width_all=\u00bb2px\u00bb border_color_all=\u00bbgcid-6579b034-a63a-419f-ac04-2444bd94142d\u00bb global_colors_info=\u00bb{%22gcid-6579b034-a63a-419f-ac04-2444bd94142d%22:%91%22border_color_all%22%93}\u00bb][et_pb_column type=\u00bb4_4&#8243; _builder_version=\u00bb4.27.0&#8243; _module_preset=\u00bbdefault\u00bb global_colors_info=\u00bb{}\u00bb][et_pb_text _builder_version=\u00bb4.27.0&#8243; _module_preset=\u00bbdefault\u00bb text_text_color=\u00bb#FFFFFF\u00bb text_orientation=\u00bbcenter\u00bb background_layout=\u00bbdark\u00bb custom_margin=\u00bb||1em||false|false\u00bb custom_margin_tablet=\u00bb||30px||false|false\u00bb custom_margin_phone=\u00bb||30px||false|false\u00bb custom_margin_last_edited=\u00bbon|phone\u00bb global_colors_info=\u00bb{}\u00bb]<\/p>\n<h1>Reiki and relaxing massage<\/h1>\n<h3>With \u00c1lvaro Lemus<\/h3>\n<p>Este tratamiento une la terapia energ\u00e9tica del Reiki con las t\u00e9cnicas del masaje relajante, logrando un equilibrio profundo entre cuerpo, mente y esp\u00edritu.[\/et_pb_text][et_pb_button button_url=\u00bb\/contacto\u00bb button_text=\u00bbReserva tu cita\u00bb button_alignment=\u00bbcenter\u00bb _builder_version=\u00bb4.27.0&#8243; _module_preset=\u00bbdefault\u00bb custom_button=\u00bbon\u00bb button_text_color=\u00bb#FFFFFF\u00bb button_bg_color=\u00bb#ac5b68&#8243; button_border_width=\u00bb0px\u00bb button_font=\u00bbKanit|500|||||||\u00bb background_layout=\u00bbdark\u00bb saved_tabs=\u00bball\u00bb global_colors_info=\u00bb{%22gcid-1edd4df2-8a20-4dc4-85d2-7788b42fbd1b%22:%91%22button_bg_color%22%93}\u00bb][\/et_pb_button][\/et_pb_column][\/et_pb_row][\/et_pb_section][et_pb_section fb_built=\u00bb1&#8243; admin_label=\u00bbSection-text+img\u00bb _builder_version=\u00bb4.27.0&#8243; _module_preset=\u00bbdefault\u00bb background_color=\u00bbRGBA(255,255,255,0)\u00bb locked=\u00bboff\u00bb global_colors_info=\u00bb{}\u00bb][et_pb_row column_structure=\u00bb1_2,1_2&#8243; module_class=\u00bbflex-centered-row\u00bb _builder_version=\u00bb4.27.0&#8243; _module_preset=\u00bbdefault\u00bb global_colors_info=\u00bb{}\u00bb][et_pb_column type=\u00bb1_2&#8243; _builder_version=\u00bb4.27.0&#8243; _module_preset=\u00bbdefault\u00bb global_colors_info=\u00bb{}\u00bb][et_pb_image src=\u00bbhttps:\/\/quiropracticoalvarolemus.es\/wp-content\/uploads\/2024\/10\/img-reiki-masaje-relajante.svg\u00bb alt=\u00bbAlvaro Lemus Quiropractico reiki y masaje relajante\u00bb title_text=\u00bbimg-reiki-masaje-relajante\u00bb module_class=\u00bbhalf-row-image\u00bb _builder_version=\u00bb4.27.0&#8243; _module_preset=\u00bbdefault\u00bb module_alignment=\u00bbleft\u00bb global_colors_info=\u00bb{}\u00bb][\/et_pb_image][\/et_pb_column][et_pb_column type=\u00bb1_2&#8243; _builder_version=\u00bb4.27.0&#8243; _module_preset=\u00bbdefault\u00bb global_colors_info=\u00bb{}\u00bb][et_pb_text _builder_version=\u00bb4.27.0&#8243; _module_preset=\u00bbdefault\u00bb custom_margin=\u00bb||1em||false|false\u00bb global_colors_info=\u00bb{}\u00bb]<\/p>\n<h2>What is Reiki and relaxing massage?<\/h2>\n<p>The <strong>Reiki<\/strong> is a technique of <strong>energy healing<\/strong> of Japanese origin that channels universal life energy (Rei) through the therapist's hands in order to <strong>balancing the inner energy (Ki) of the patient.<\/strong> <\/p>\n<p>By combining this technique with a <strong><a class=\"text-link\" href=\"\/en\/relaxing-massage\/\">relaxing massage<\/a><\/strong>The result is a unique experience that not only <strong>relieves physical stress<\/strong>but also <strong>unblocks and balances the body's energy flow<\/strong>.<\/p>\n<p>At \u00c1lvaro Lemus, we adapt each session for <strong>maximising profits<\/strong> both Reiki and <strong><a class=\"text-link\" href=\"\/en\/relaxing-massage\/\">relaxing massage<\/a><\/strong>ensuring a <strong>complete wellness experience<\/strong>.[\/et_pb_text][\/et_pb_column][\/et_pb_row][\/et_pb_section][et_pb_section fb_built=\"1\u2033 admin_label=\"Section-text+img\" _builder_version=\"4.27.0\u2033 _module_preset=\"default\" background_color=\"RGBA(255,255,255,0)\" locked=\"off\" global_colors_info=\"{}\"][et_pb_row column_structure=\"1_2,1_2\u2033 module_class=\"flex-centered-row\" _builder_version=\"4.27.0\u2033 _module_preset=\"default\" global_colors_info=\"{}\"][et_pb_column type=\"1_2\u2033 _builder_version=\"4.27.0\u2033 _module_preset=\"default\" global_colors_info=\"{}\"][et_pb_text _builder_version=\"4.27.0\u2033 _module_preset=\"default\" custom_margin=\"|||1em||false|false\" global_colors_info=\"{}\"]]<\/p>\n<h2>Benefits of Reiki and relaxing massage<\/h2>\n<p>The combined treatment of Reiki and relaxing massage offers a number of benefits that impact both your physical and emotional health:<\/p>\n<h3 class=\"check-item\">Reduction of stress and anxiety:<\/h3>\n<p>Reiki calms the mind and the relaxing massage releases physical tensions.<\/p>\n<h3 class=\"check-item\">Emotional balance:<\/h3>\n<p>Helps balance inner energy, promoting greater emotional stability.<\/p>\n<h3 class=\"check-item\">Pain relief:<\/h3>\n<p>Relaxing massage relieves muscle tension, while Reiki enhances energetic pain relief.<\/p>\n<h3 class=\"check-item\">Promotes deep relaxation:<\/h3>\n<p>Improves sleep quality and general well-being.<\/p>\n<h3 class=\"check-item\">Energy recovery:<\/h3>\n<p>It restores the flow of vital energy, improving vitality and mood.[\/et_pb_text][\/et_pb_column][et_pb_column type=\"1_2\u2033 _builder_version=\"4.27.0\u2033 _module_preset=\"default\" global_colors_info=\"{}\"][et_pb_image src=\"https:\/\/quiropracticoalvarolemus.en\/wp-content\/uploads\/2024\/11\/Alvaro-lemus-reiki-2.webp\" alt=\"Detail relaxing massage and reiki Alvaro Lemus\" title_text=\"Alvaro-lemus-reiki-2\u2033 module_class=\"half-row-image\" _builder_version=\"4.27.0\u2033 _module_preset=\"default\" module_alignment=\"left\" global_colors_info=\"{}\"][\/et_pb_image][\/et_pb_column][\/et_pb_row][\/et_pb_section][\/et_pb_section][et_pb_section fb_built=\"1\u2033 admin_label=\"Section-text+img\" _builder_version=\"4.27.0\u2033 _module_preset=\"default\" background_color=\"RGBA(255,255,255,0)\" locked=\"off\" global_colors_info=\"{}\"]][et_pb_row column_structure=\"1_2,1_2\u2033 module_class=\"flex-centered-row\" _builder_version=\"4.27.0\u2033 _module_preset=\"default\" global_colors_info=\"{}\"][et_pb_column type=\"1_2\u2033 _builder_version=\"4.27.0\u2033 _module_preset=\"default\" global_colors_info=\"{}\"][et_pb_image src=\"https:\/\/quiropracticoalvarolemus.en\/wp-content\/uploads\/2024\/11\/Alvaro-lemus-relaxing-massage_6.webp\" alt=\"Alvaro lemus relaxing massage\" title_text=\"Alvaro-lemus-relaxing-massage_6\u2033 module_class=\"half-row-image\" _builder_version=\"4.27.0\u2033 _module_preset=\"default\" module_alignment=\"left\" global_colors_info=\"{}\"][\/et_pb_image][\/et_pb_column][et_pb_column type=\"1_2\u2033 _builder_version=\"4.27.0\u2033 _module_preset=\"default\" global_colors_info=\"{}\"][et_pb_text _builder_version=\"4.27.4\u2033 _module_preset=\"default\" custom_margin=\"|||1em||false|false\" hover_enabled=\"0\u2033 global_colors_info=\"{}\" sticky_enabled=\"0\u2033]]<\/p>\n<h2>How does a Reiki session and relaxing massage work?<\/h2>\n<p>Each session of Reiki and relaxing massage in Leiro (Ourense) begins with a <strong>brief assessment of your emotional and physical state<\/strong>.<\/p>\n<p>The therapist starts with the <strong>laying on of hands to channel Reiki energy<\/strong>aligning the chakras and <strong>unblocking possible energy blockages<\/strong>.<\/p>\n<p>It then continues with a <strong><a href=\"\/en\/relaxing-massage\/\" class=\"text-link\">relaxing massage<\/a><\/strong> that works on muscular tensions, allowing for an experience of <strong>deep relaxation and well-being<\/strong>.<\/p>\n<p>This treatment can be complemented by a <strong><a href=\"\/en\/facial-and-cranial-massage\/\" class=\"text-link\">facial and cranial massage<\/a><\/strong>ideal for releasing facial tensions, or with a <strong><a href=\"\/en\/manual-lymphatic-drainage\/\" class=\"text-link\">manual lymphatic drainage<\/a><\/strong>which helps to <strong>eliminate toxins and promote better energy flow<\/strong>.<br \/>\n<!--Boton-Link\n\n<a class=\"et_pb_button button-link\" href=\"\/contacto\">Reserva tu cita<\/a>---><\/p>\n<p><!--Boton Divi---><\/p>\n<div class=\"et_pb_button_module_wrapper et_pb_module\" style=\"margin-top: 1em;\"><a class=\"et_pb_button   button_divi\" href=\"\/en\/contact\/\">Book your appointment<\/a><\/div>\n<p>[\/et_pb_text][\/et_pb_column][\/et_pb_row][\/et_pb_section][et_pb_section fb_built=\"1\u2033 _builder_version=\"4.27.0\u2033 _module_preset=\"default\" background_color=\"RGBA(255,255,255,0)\" global_colors_info=\"{}\"][et_pb_row _builder_version=\"4.27.0\u2033 _module_preset=\"default\" global_colors_info=\"{}\"][et_pb_column type=\"4_4\u2033 _builder_version=\"4.27.0\u2033 _module_preset=\"default\" global_colors_info=\"{}\"][et_pb_text _builder_version=\"4.27.0\u2033 _module_preset=\"default\" text_orientation=\"center\" global_colors_info=\"{}\"]<\/p>\n<h2>Other related services<\/h2>\n<p>[\/et_pb_text][et_pb_text _builder_version=\"4.27.0\u2033 _module_preset=\"default\" text_orientation=\"center\" global_colors_info=\"{}\"]In addition to the <strong>Reiki and relaxing massage<\/strong>We offer a variety of services that complement holistic wellness:[\/et_pb_text][\/et_pb_column][\/et_pb_row][et_pb_row column_structure=\"1_3,1_3,1_3\u2033 make_equal=\"on\" _builder_version=\"4.27.0\u2033 _module_preset=\"default\" global_colors_info=\"{}\"][et_pb_column type=\"1_3\u2033 _builder_version=\"4.27.0\u2033 _module_preset=\"default\" global_colors_info=\"{}\"][et_pb_blurb title=\"Relaxing massage\" url=\"\/relaxing-massage\" image=\"https:\/\/quiropracticoalvarolemus.en\/wp-content\/uploads\/2024\/10\/img-masaje-relajante.svg\" alt=\"Alvaro Lemus Chiropractic relaxing massage\" image_icon_width=\"80%\" admin_label=\"Blurb Relaxing Massage\" module_class=\"blurb-services\" _builder_version=\"4.27.0\u2033 _module_preset=\"default\" header_level=\"h2\u2033 link_option_url=\"\/masaje-relaxing\" global_module=\"153\u2033 saved_tabs=\"all\" global_colors_info=\"{}\"]<\/p>\n<h3>Stress relief<\/h3>\n<p>The relaxing massage relieves muscle tension and reduces stress, promoting deep relaxation and inner balance.<br \/><!--Boton-Link---><br \/><a class=\"et_pb_button button-link\" href=\"\/en\/relaxing-massage\/\">Further information<\/a><\/p>\n<p>[\/et_pb_blurb][\/et_pb_column][et_pb_column type=\"1_3\u2033 _builder_version=\"4.27.0\u2033 _module_preset=\"default\" global_colors_info=\"{}\"][et_pb_blurb title=\"Manual Lymphatic Drainage\" url=\"\/drenaje-linfatico-manual\" image=\"https:\/\/quiropracticoalvarolemus.es\/wp-content\/uploads\/2024\/10\/img-drenaje-linfatico-manual.svg\" alt=\"Alvaro Lemus Chiropractor Manual Lymphatic Drainage\" image_icon_width=\"80%\" admin_label=\"Blurb Lymphatic Drainage\" module_class=\"blurb-services\" _builder_version=\"4.27.0\u2033 _module_preset=\"default\" header_level=\"h2\u2033 link_option_url=\"\/lymphatic-drainage-manual\" global_module=\"154\u2033 saved_tabs=\"all\" global_colors_info=\"{}\"]<\/p>\n<h3>Eliminates Toxins and Reduces<br \/>Fluid Retention<\/h3>\n<p>Lymphatic drainage removes toxins and accumulated fluids, making it ideal after cosmetic surgery or to combat swelling.<br \/><!--Boton-Link---><br \/><a class=\"et_pb_button button-link\" href=\"\/en\/manual-lymphatic-drainage\/\">Further information<\/a><\/p>\n<p>[\/et_pb_blurb][\/et_pb_column][et_pb_column type=\"1_3\u2033 _builder_version=\"4.27.0\u2033 _module_preset=\"default\" global_colors_info=\"{}\"][et_pb_blurb title=\"Facial and cranial massage\" url=\"\/facial-and-cranial-massage\" image=\"https:\/\/quiropracticoalvarolemus.es\/wp-content\/uploads\/2024\/10\/img-masaje-craneal-facial.svg\" alt=\"Alvaro Lemus Chiropractic facial and cranial massage\" image_icon_width=\"80%\" module_class=\"blurb-services\" _builder_version=\"4.27.0\u2033 _module_preset=\"default\" header_level=\"h2\u2033 link_option_url=\"\/masaje-facial-y-craneal\" global_module=\"157\u2033 saved_tabs=\"all\" global_colors_info=\"{}\"]<\/p>\n<h3>Rejuvenates and relaxes<\/h3>\n<p>It improves the appearance of the skin, reduces facial tension and stimulates collagen production, leaving the face luminous.<br \/><!--Boton-Link---><br \/><a class=\"et_pb_button button-link\" href=\"\/en\/facial-and-cranial-massage\/\">Further information<\/a><\/p>\n<p>[\/et_pb_blurb][\/et_pb_column][\/et_pb_row][\/et_pb_section][et_pb_section fb_built=\u00bb1&#8243; admin_label=\u00bbSection-CTA\u00bb _builder_version=\u00bb4.27.0&#8243; _module_preset=\u00bbdefault\u00bb background_color=\u00bbgcid-6579b034-a63a-419f-ac04-2444bd94142d\u00bb background_enable_image=\u00bboff\u00bb background_blend=\u00bbmultiply\u00bb custom_margin=\u00bb||0px||false|false\u00bb custom_padding=\u00bb||0px||false|false\u00bb global_module=\u00bb230728&#8243; global_colors_info=\u00bb{%22gcid-6579b034-a63a-419f-ac04-2444bd94142d%22:%91%22background_color%22%93}\u00bb][et_pb_row column_structure=\u00bb1_2,1_2&#8243; custom_padding_last_edited=\u00bbon|phone\u00bb _builder_version=\u00bb4.27.0&#8243; _module_preset=\u00bbdefault\u00bb width_last_edited=\u00bboff|desktop\u00bb module_alignment=\u00bbcenter\u00bb custom_padding=\u00bb10%|5%|0px|5%|false|true\u00bb custom_padding_tablet=\u00bb20%|10%|0px|10%|false|true\u00bb custom_padding_phone=\u00bb10%|0%|0px|0%|false|true\u00bb border_color_all=\u00bbgcid-body-color\u00bb global_colors_info=\u00bb{%22gcid-body-color%22:%91%22border_color_all%22%93}\u00bb][et_pb_column type=\u00bb1_2&#8243; module_class=\u00bbcolumn-cta\u00bb _builder_version=\u00bb4.27.0&#8243; _module_preset=\u00bbdefault\u00bb global_colors_info=\u00bb{}\u00bb][et_pb_text module_id=\u00bbfooter-cta-text\u00bb _builder_version=\u00bb4.27.3&#8243; _module_preset=\u00bbdefault\u00bb text_text_color=\u00bbgcid-body-color\u00bb z_index=\u00bb1&#8243; text_orientation=\u00bbcenter\u00bb width=\u00bb500px\u00bb width_tablet=\u00bb500px\u00bb width_phone=\u00bb300px\u00bb width_last_edited=\u00bbon|phone\u00bb height=\u00bb500px\u00bb height_tablet=\u00bb500px\u00bb height_phone=\u00bb300px\u00bb height_last_edited=\u00bbon|tablet\u00bb custom_margin=\u00bb||1em||false|false\u00bb custom_margin_tablet=\u00bb||30px||false|false\u00bb custom_margin_phone=\u00bb||30px||false|false\u00bb custom_margin_last_edited=\u00bboff|desktop\u00bb custom_padding=\u00bb40%|30%|40%|30%|true|true\u00bb custom_padding_tablet=\u00bb40%|20%|40%|20%|true|true\u00bb custom_padding_phone=\u00bb10%||10%||true|true\u00bb custom_padding_last_edited=\u00bbon|tablet\u00bb border_radii=\u00bbon|300px|300px|300px|300px\u00bb border_width_all=\u00bb2px\u00bb global_colors_info=\u00bb{%22gcid-body-color%22:%91%22text_text_color%22%93}\u00bb]<\/p>\n<h2>Book your appointment today<\/h2>\n<p><a href=\"\/en\/contact\/\" class=\"text-link\">Book your appointment now<\/a> and find out how we can help you feel better every day.<\/p>\n<p><a class=\"et_pb_button button_divi\" href=\"\/en\/contact\/\">Book an Appointment<\/a><\/p>\n<p>[\/et_pb_text][\/et_pb_column][et_pb_column type=\"1_2\u2033 _builder_version=\"4.27.0\u2033 _module_preset=\"default\" z_index=\"0\u2033 global_colors_info=\"{}\"][et_pb_image src=\"https:\/\/quiropracticoalvarolemus.en\/wp-content\/uploads\/2024\/11\/alvaro-lemus-isolated.webp\" title_text=\"alvaro-lemus-isolated\" show_bottom_space=\"off\" align=\"center\" admin_label=\"image-alvaro-lemus\" _builder_version=\"4.27.0\u2033 _module_preset=\"default\" positioning=\"relative\" position_origin_r=\"bottom_left\" vertical_offset=\"0px\" horizontal_offset=\"-350px\" z_index=\"-1\u2033 horizontal_offset_tablet=\"-350px\" horizontal_offset_phone=\"-200px\" horizontal_offset_last_edited=\"on|tablet\" position_origin_a_tablet=\"\" position_origin_a_phone=\"\" position_origin_a_last_edited=\"on|desktop\" position_origin_f_tablet=\"\" position_origin_f_phone=\"\" position_origin_f_last_edited=\"on|desktop\" position_origin_r_tablet=\"bottom_left\" position_origin_r_phone=\"bottom_left\" position_origin_r_last_edited=\"on|desktop\" width=\"1200px\" width=\"1200px\" width_tablet=\"1200px\" width_phone=\"500px\" width_last_edited=\"on|tablet\" module_alignment=\"center\" custom_margin=\"|||-200px|false|false\" positioning_tablet=\"relative\" positioning_phone=\"relative\" positioning_last_edited=\"on|phone\" global_colors_info=\"{}\"][\/et_pb_image][et_pb_image src=\"https:\/\/quiropracticoalvarolemus.es\/wp-content\/uploads\/2024\/11\/flor-vida-geometrica.svg\" title_text=\"flor-vida-geometrica\" admin_label=\"flor-vida\" _builder_version=\"4.27.0\u2033 _module_preset=\"default\" positioning=\"absolute\" horizontal_offset=\"100px\" z_index=\"-3\u2033 width=\"200%\" width_tablet=\"200%\" width_phone=\"100%\" width_last_edited=\"on|tablet\" scroll_fade_enable=\"on\" scroll_fade=\"0|50|50|100|0%|50%|100%\" scroll_rotating_enable=\"on\" scroll_rotating=\"0|50|50|50|100|45\u00b0|25\u00b0|0\u00b0\" motion_trigger_start=\"top\" global_colors_info=\"{}\"]][\/et_pb_image][\/et_pb_column][\/et_pb_row][\/et_pb_section]<\/p>","protected":false},"excerpt":{"rendered":"<p>Reiki and relaxing massage With Alvaro Lemus This treatment unites the energetic therapy of Reiki with the techniques of relaxing massage, achieving a deep balance between body, mind and spirit.What is Reiki and relaxing massage? Reiki is an energetic healing technique of Japanese origin that channels the universal vital energy (Rei) to [...]<\/p>","protected":false},"author":1,"featured_media":0,"parent":0,"menu_order":0,"comment_status":"closed","ping_status":"closed","template":"","meta":{"_et_pb_use_builder":"on","_et_pb_old_content":"<!-- wp:divi\/placeholder \/-->","_et_gb_content_width":"","inline_featured_image":false,"_joinchat":[],"footnotes":""},"class_list":["post-40","page","type-page","status-publish","hentry"],"_links":{"self":[{"href":"https:\/\/quiropracticoalvarolemus.es\/en\/wp-json\/wp\/v2\/pages\/40","targetHints":{"allow":["GET"]}}],"collection":[{"href":"https:\/\/quiropracticoalvarolemus.es\/en\/wp-json\/wp\/v2\/pages"}],"about":[{"href":"https:\/\/quiropracticoalvarolemus.es\/en\/wp-json\/wp\/v2\/types\/page"}],"author":[{"embeddable":true,"href":"https:\/\/quiropracticoalvarolemus.es\/en\/wp-json\/wp\/v2\/users\/1"}],"replies":[{"embeddable":true,"href":"https:\/\/quiropracticoalvarolemus.es\/en\/wp-json\/wp\/v2\/comments?post=40"}],"version-history":[{"count":6,"href":"https:\/\/quiropracticoalvarolemus.es\/en\/wp-json\/wp\/v2\/pages\/40\/revisions"}],"predecessor-version":[{"id":231010,"href":"https:\/\/quiropracticoalvarolemus.es\/en\/wp-json\/wp\/v2\/pages\/40\/revisions\/231010"}],"wp:attachment":[{"href":"https:\/\/quiropracticoalvarolemus.es\/en\/wp-json\/wp\/v2\/media?parent=40"}],"curies":[{"name":"wp","href":"https:\/\/api.w.org\/{rel}","templated":true}]}}